{"id":2137,"date":"2022-03-04T16:43:15","date_gmt":"2022-03-04T15:43:15","guid":{"rendered":"https:\/\/www.westhouse-group.com\/bewerbungsformular\/"},"modified":"2022-03-09T15:39:10","modified_gmt":"2022-03-09T14:39:10","slug":"formulaire-de-candidature","status":"publish","type":"page","link":"https:\/\/www.westhouse-group.com\/fr\/formulaire-de-candidature\/","title":{"rendered":"Formulaire de candidature"},"content":{"rendered":"\n<div class=\"wpcf7 no-js\" id=\"wpcf7-f2231-o1\" lang=\"fr-FR\" dir=\"ltr\" data-wpcf7-id=\"2231\">\n<div class=\"screen-reader-response\"><p role=\"status\" aria-live=\"polite\" aria-atomic=\"true\"><\/p> <ul><\/ul><\/div>\n<form action=\"\/fr\/wp-json\/wp\/v2\/pages\/2137#wpcf7-f2231-o1\" method=\"post\" class=\"wpcf7-form init\" aria-label=\"Formulaire de contact\" novalidate=\"novalidate\" data-status=\"init\">\n<fieldset class=\"hidden-fields-container\"><input type=\"hidden\" name=\"_wpcf7\" value=\"2231\" \/><input type=\"hidden\" name=\"_wpcf7_version\" value=\"6.1.4\" \/><input type=\"hidden\" name=\"_wpcf7_locale\" value=\"fr_FR\" \/><input type=\"hidden\" name=\"_wpcf7_unit_tag\" value=\"wpcf7-f2231-o1\" \/><input type=\"hidden\" name=\"_wpcf7_container_post\" value=\"0\" \/><input type=\"hidden\" name=\"_wpcf7_posted_data_hash\" value=\"\" \/>\n<\/fieldset>\n<div class=\"form-group\">\n\t<h2 class=\"h3\">Candidature sur Xing\n\t<\/h2>\n\t<p><input id=\"application-xing\" type=\"button\" class=\"btn btn-lg btn-dark mt-2\" value=\"XING\" \/>\n\t<\/p>\n<\/div>\n<p><br \/>\net \/ ou\n<\/p>\n<div class=\"form-group mt-4\">\n\t<h2 class=\"h3\">Choisissez fichier \u00e0 t\u00e9l\u00e9charger *\n\t<\/h2>\n\t<p class=\"mt-4\">Veuillez envoyer vos documents sous un des formats suivants: *.pdf, *.doc, *.docx, *.xml. Votre fichier d\u00e9passe la taille maximale de 10 MB.\n\t<\/p>\n\t<p><span class=\"wpcf7-form-control-wrap\" data-name=\"bewerbung-file\"><input size=\"40\" class=\"wpcf7-form-control wpcf7-drag-n-drop-file d-none\" aria-invalid=\"false\" type=\"file\" multiple=\"multiple\" data-name=\"bewerbung-file\" data-type=\"pdf|doc|docx|xml\" data-limit=\"10485760\" data-id=\"2231\" data-version=\"free version 1.3.9.5\" accept=\".pdf, .doc, .docx, .xml\" \/><\/span>\n\t<\/p>\n<\/div>\n<div class=\"form-group mt-4\">\n\t<p><label for=\"application-email\">E-Mail*<\/label><br \/>\n<span class=\"wpcf7-form-control-wrap\" data-name=\"bewerbung-email\"><input size=\"40\" maxlength=\"400\" class=\"wpcf7-form-control wpcf7-email wpcf7-validates-as-required wpcf7-text wpcf7-validates-as-email\" id=\"application-email\" aria-required=\"true\" aria-invalid=\"false\" value=\"\" type=\"email\" name=\"bewerbung-email\" \/><\/span>\n\t<\/p>\n<\/div>\n<div class=\"form-group mt-4\">\n\t<p><label for=\"application-message\">Espace pour votre message personnel<\/label><br \/>\n<span class=\"wpcf7-form-control-wrap\" data-name=\"bewerbung-message\"><textarea cols=\"40\" rows=\"10\" maxlength=\"1500\" class=\"wpcf7-form-control wpcf7-textarea\" id=\"application-message\" aria-invalid=\"false\" name=\"bewerbung-message\"><\/textarea><\/span>\n\t<\/p>\n<\/div>\n<div class=\"wpcf7-checkbox mt-4\">\n\t<p><span class=\"wpcf7-form-control-wrap\" data-name=\"datenschutz\"><span class=\"wpcf7-form-control wpcf7-acceptance\"><span class=\"wpcf7-list-item\"><label><input type=\"checkbox\" name=\"datenschutz\" value=\"1\" aria-invalid=\"false\" \/><span class=\"wpcf7-list-item-label\">* J'ai bien pris connaissance et accept\u00e9 la politique de <a target=\"_new\" href=\"\/fr\/politique-de-confidentialite\/\">politique de confidentialit\u00e9 et les conditions<\/a> de Westhouse groupe. Bien s\u00fbr, nous ne partageons pas vos renseignements sans votre consentement et vous pouvez egalement \u00e0 tout moment prendre vos dispositions pour leur suppression de notre syst\u00e8me.<\/span><\/label><\/span><\/span><\/span>\n\t<\/p>\n<\/div>\n<p class=\"small mt-3\">Les champs marqu\u00e9s d\u2019un * sont obligatoires.\n<\/p>\n<p><span id=\"wpcf7-69f70e4af070a-wrapper\" class=\"wpcf7-form-control-wrap honeypot-wrap\" style=\"display:none !important; visibility:hidden !important;\"><input type=\"hidden\" name=\"honeypot-time-start\" value=\"1777798730\"><input type=\"hidden\" name=\"honeypot-time-check\" value=\"4\"><label for=\"wpcf7-69f70e4af070a-field\" class=\"hp-message\">Veuillez laisser ce champ vide.<\/label><input id=\"wpcf7-69f70e4af070a-field\"  class=\"wpcf7-form-control wpcf7-text\" type=\"text\" name=\"honeypot\" value=\"\" size=\"40\" tabindex=\"-1\" autocomplete=\"off\" \/><\/span>\n<\/p>\n\n<!-- CF7 Modules -->\n<div style='display:none;'><input type=\"hidden\" class=\"wpcf7-form-control wpcf7-hidden\" name=\"hidden-wh-jobid\" placeholder=\"\" value=\"westhouse_jobId\" \/>\n<input type=\"hidden\" class=\"wpcf7-form-control wpcf7-hidden\" name=\"hidden-wh-jobtitle\" placeholder=\"\" value=\"westhouse_jobTitle\" \/>\n<input type=\"hidden\" class=\"wpcf7-form-control wpcf7-hidden\" name=\"hidden-wh-location\" placeholder=\"\" value=\"westhouse_jobLocation\" \/>\n<input type=\"hidden\" class=\"wpcf7-form-control wpcf7-hidden\" name=\"hidden-wh-joburl\" placeholder=\"\" value=\"westhouse_jobUrl\" \/>\n<input type=\"hidden\" class=\"wpcf7-form-control wpcf7-hidden\" name=\"hidden-wh-ansprech\" placeholder=\"\" value=\"westhouse_jobAnsprechpartner\" \/>\n<input type=\"hidden\" class=\"wpcf7-form-control wpcf7-hidden\" name=\"hidden-wh-ref-visitor-id\" placeholder=\"\" value=\"\" \/>\n<input type=\"hidden\" class=\"wpcf7-form-control wpcf7-hidden\" name=\"hidden-wh-category\" placeholder=\"\" value=\"app-extern\" \/>\n<input type=\"hidden\" class=\"wpcf7-form-control wpcf7-hidden\" name=\"hidden-wh-xing\" placeholder=\"\" value=\"\" \/>\n<\/div>\n<!-- End CF7 Modules -->\n\n<p><input class=\"wpcf7-form-control wpcf7-submit has-spinner btn btn-lg btn-dark mt-4\" type=\"submit\" value=\"Envoyer\" \/>\n<\/p><div class=\"wpcf7-response-output\" aria-hidden=\"true\"><\/div>\n<\/form>\n<\/div>\n\n\n\n\n<p><\/p>\n","protected":false},"excerpt":{"rendered":"","protected":false},"author":1,"featured_media":0,"parent":0,"menu_order":0,"comment_status":"closed","ping_status":"closed","template":"applicationform-page.php","meta":{"_acf_changed":false,"inline_featured_image":false,"footnotes":""},"class_list":["post-2137","page","type-page","status-publish","hentry"],"acf":[],"yoast_head":"<!-- This site is optimized with the Yoast SEO Premium plugin v26.9 (Yoast SEO v26.9) - https:\/\/yoast.com\/product\/yoast-seo-premium-wordpress\/ -->\n<title>Formulaire de candidature - Westhouse Group<\/title>\n<meta name=\"robots\" content=\"index, follow, max-snippet:-1, max-image-preview:large, max-video-preview:-1\" \/>\n<link rel=\"canonical\" href=\"https:\/\/www.westhouse-group.com\/fr\/formulaire-de-candidature\/\" \/>\n<meta property=\"og:locale\" content=\"fr_FR\" \/>\n<meta property=\"og:type\" content=\"article\" \/>\n<meta property=\"og:title\" content=\"Formulaire de candidature\" \/>\n<meta property=\"og:url\" content=\"https:\/\/www.westhouse-group.com\/fr\/formulaire-de-candidature\/\" \/>\n<meta property=\"og:site_name\" content=\"Westhouse Group\" \/>\n<meta property=\"article:publisher\" content=\"https:\/\/www.facebook.com\/westhouse.group\" \/>\n<meta property=\"article:modified_time\" content=\"2022-03-09T14:39:10+00:00\" \/>\n<meta property=\"og:image\" content=\"https:\/\/www.westhouse-group.com\/wp-content\/uploads\/2022\/04\/wes_logos_alle_web_wes_logo_main_2_quadratisch.png\" \/>\n\t<meta property=\"og:image:width\" content=\"200\" \/>\n\t<meta property=\"og:image:height\" content=\"200\" \/>\n\t<meta property=\"og:image:type\" content=\"image\/png\" \/>\n<meta name=\"twitter:card\" content=\"summary_large_image\" \/>\n<meta name=\"twitter:site\" content=\"@Westhouse_News\" \/>\n<script type=\"application\/ld+json\" class=\"yoast-schema-graph\">{\"@context\":\"https:\/\/schema.org\",\"@graph\":[{\"@type\":\"WebPage\",\"@id\":\"https:\/\/www.westhouse-group.com\/fr\/formulaire-de-candidature\/\",\"url\":\"https:\/\/www.westhouse-group.com\/fr\/formulaire-de-candidature\/\",\"name\":\"Formulaire de candidature - Westhouse Group\",\"isPartOf\":{\"@id\":\"https:\/\/www.westhouse-group.com\/fr\/#website\"},\"datePublished\":\"2022-03-04T15:43:15+00:00\",\"dateModified\":\"2022-03-09T14:39:10+00:00\",\"breadcrumb\":{\"@id\":\"https:\/\/www.westhouse-group.com\/fr\/formulaire-de-candidature\/#breadcrumb\"},\"inLanguage\":\"fr-FR\",\"potentialAction\":[{\"@type\":\"ReadAction\",\"target\":[\"https:\/\/www.westhouse-group.com\/fr\/formulaire-de-candidature\/\"]}]},{\"@type\":\"BreadcrumbList\",\"@id\":\"https:\/\/www.westhouse-group.com\/fr\/formulaire-de-candidature\/#breadcrumb\",\"itemListElement\":[{\"@type\":\"ListItem\",\"position\":1,\"name\":\"Startseite\",\"item\":\"https:\/\/www.westhouse-group.com\/fr\/\"},{\"@type\":\"ListItem\",\"position\":2,\"name\":\"Formulaire de candidature\"}]},{\"@type\":\"WebSite\",\"@id\":\"https:\/\/www.westhouse-group.com\/fr\/#website\",\"url\":\"https:\/\/www.westhouse-group.com\/fr\/\",\"name\":\"Westhouse Group\",\"description\":\"Recruitment Agency | Candidate and Job Search\",\"publisher\":{\"@id\":\"https:\/\/www.westhouse-group.com\/fr\/#organization\"},\"potentialAction\":[{\"@type\":\"SearchAction\",\"target\":{\"@type\":\"EntryPoint\",\"urlTemplate\":\"https:\/\/www.westhouse-group.com\/fr\/?s={search_term_string}\"},\"query-input\":{\"@type\":\"PropertyValueSpecification\",\"valueRequired\":true,\"valueName\":\"search_term_string\"}}],\"inLanguage\":\"fr-FR\"},{\"@type\":\"Organization\",\"@id\":\"https:\/\/www.westhouse-group.com\/fr\/#organization\",\"name\":\"Westhouse Group\",\"url\":\"https:\/\/www.westhouse-group.com\/fr\/\",\"logo\":{\"@type\":\"ImageObject\",\"inLanguage\":\"fr-FR\",\"@id\":\"https:\/\/www.westhouse-group.com\/fr\/#\/schema\/logo\/image\/\",\"url\":\"https:\/\/www.westhouse-group.com\/wp-content\/uploads\/2022\/03\/wes_logos_alle_web_wes_logo_main.svg\",\"contentUrl\":\"https:\/\/www.westhouse-group.com\/wp-content\/uploads\/2022\/03\/wes_logos_alle_web_wes_logo_main.svg\",\"width\":\"1024\",\"height\":\"1024\",\"caption\":\"Westhouse Group\"},\"image\":{\"@id\":\"https:\/\/www.westhouse-group.com\/fr\/#\/schema\/logo\/image\/\"},\"sameAs\":[\"https:\/\/www.facebook.com\/westhouse.group\",\"https:\/\/x.com\/Westhouse_News\",\"https:\/\/www.instagram.com\/westhousegroup\/\",\"https:\/\/de.linkedin.com\/company\/westhouse-group\"]}]}<\/script>\n<!-- \/ Yoast SEO Premium plugin. -->","yoast_head_json":{"title":"Formulaire de candidature - Westhouse Group","robots":{"index":"index","follow":"follow","max-snippet":"max-snippet:-1","max-image-preview":"max-image-preview:large","max-video-preview":"max-video-preview:-1"},"canonical":"https:\/\/www.westhouse-group.com\/fr\/formulaire-de-candidature\/","og_locale":"fr_FR","og_type":"article","og_title":"Formulaire de candidature","og_url":"https:\/\/www.westhouse-group.com\/fr\/formulaire-de-candidature\/","og_site_name":"Westhouse Group","article_publisher":"https:\/\/www.facebook.com\/westhouse.group","article_modified_time":"2022-03-09T14:39:10+00:00","og_image":[{"width":200,"height":200,"url":"https:\/\/www.westhouse-group.com\/wp-content\/uploads\/2022\/04\/wes_logos_alle_web_wes_logo_main_2_quadratisch.png","type":"image\/png"}],"twitter_card":"summary_large_image","twitter_site":"@Westhouse_News","schema":{"@context":"https:\/\/schema.org","@graph":[{"@type":"WebPage","@id":"https:\/\/www.westhouse-group.com\/fr\/formulaire-de-candidature\/","url":"https:\/\/www.westhouse-group.com\/fr\/formulaire-de-candidature\/","name":"Formulaire de candidature - Westhouse Group","isPartOf":{"@id":"https:\/\/www.westhouse-group.com\/fr\/#website"},"datePublished":"2022-03-04T15:43:15+00:00","dateModified":"2022-03-09T14:39:10+00:00","breadcrumb":{"@id":"https:\/\/www.westhouse-group.com\/fr\/formulaire-de-candidature\/#breadcrumb"},"inLanguage":"fr-FR","potentialAction":[{"@type":"ReadAction","target":["https:\/\/www.westhouse-group.com\/fr\/formulaire-de-candidature\/"]}]},{"@type":"BreadcrumbList","@id":"https:\/\/www.westhouse-group.com\/fr\/formulaire-de-candidature\/#breadcrumb","itemListElement":[{"@type":"ListItem","position":1,"name":"Startseite","item":"https:\/\/www.westhouse-group.com\/fr\/"},{"@type":"ListItem","position":2,"name":"Formulaire de candidature"}]},{"@type":"WebSite","@id":"https:\/\/www.westhouse-group.com\/fr\/#website","url":"https:\/\/www.westhouse-group.com\/fr\/","name":"Westhouse Group","description":"Recruitment Agency | Candidate and Job Search","publisher":{"@id":"https:\/\/www.westhouse-group.com\/fr\/#organization"},"potentialAction":[{"@type":"SearchAction","target":{"@type":"EntryPoint","urlTemplate":"https:\/\/www.westhouse-group.com\/fr\/?s={search_term_string}"},"query-input":{"@type":"PropertyValueSpecification","valueRequired":true,"valueName":"search_term_string"}}],"inLanguage":"fr-FR"},{"@type":"Organization","@id":"https:\/\/www.westhouse-group.com\/fr\/#organization","name":"Westhouse Group","url":"https:\/\/www.westhouse-group.com\/fr\/","logo":{"@type":"ImageObject","inLanguage":"fr-FR","@id":"https:\/\/www.westhouse-group.com\/fr\/#\/schema\/logo\/image\/","url":"https:\/\/www.westhouse-group.com\/wp-content\/uploads\/2022\/03\/wes_logos_alle_web_wes_logo_main.svg","contentUrl":"https:\/\/www.westhouse-group.com\/wp-content\/uploads\/2022\/03\/wes_logos_alle_web_wes_logo_main.svg","width":"1024","height":"1024","caption":"Westhouse Group"},"image":{"@id":"https:\/\/www.westhouse-group.com\/fr\/#\/schema\/logo\/image\/"},"sameAs":["https:\/\/www.facebook.com\/westhouse.group","https:\/\/x.com\/Westhouse_News","https:\/\/www.instagram.com\/westhousegroup\/","https:\/\/de.linkedin.com\/company\/westhouse-group"]}]}},"_links":{"self":[{"href":"https:\/\/www.westhouse-group.com\/fr\/wp-json\/wp\/v2\/pages\/2137","targetHints":{"allow":["GET"]}}],"collection":[{"href":"https:\/\/www.westhouse-group.com\/fr\/wp-json\/wp\/v2\/pages"}],"about":[{"href":"https:\/\/www.westhouse-group.com\/fr\/wp-json\/wp\/v2\/types\/page"}],"author":[{"embeddable":true,"href":"https:\/\/www.westhouse-group.com\/fr\/wp-json\/wp\/v2\/users\/1"}],"replies":[{"embeddable":true,"href":"https:\/\/www.westhouse-group.com\/fr\/wp-json\/wp\/v2\/comments?post=2137"}],"version-history":[{"count":3,"href":"https:\/\/www.westhouse-group.com\/fr\/wp-json\/wp\/v2\/pages\/2137\/revisions"}],"predecessor-version":[{"id":2240,"href":"https:\/\/www.westhouse-group.com\/fr\/wp-json\/wp\/v2\/pages\/2137\/revisions\/2240"}],"wp:attachment":[{"href":"https:\/\/www.westhouse-group.com\/fr\/wp-json\/wp\/v2\/media?parent=2137"}],"curies":[{"name":"wp","href":"https:\/\/api.w.org\/{rel}","templated":true}]}}