{"id":623,"date":"2022-02-21T11:51:09","date_gmt":"2022-02-21T10:51:09","guid":{"rendered":"https:\/\/www.westhouse-group.com\/home\/fr\/"},"modified":"2025-10-31T11:59:22","modified_gmt":"2025-10-31T10:59:22","slug":"accueil","status":"publish","type":"page","link":"https:\/\/www.westhouse-group.com\/fr\/","title":{"rendered":"Accueil"},"content":{"rendered":"\n\n<div class=\"westhouse-block block-hero-image-header pt-6 pt-md-7 pb-6 pb-md-7\">\n  <div class=\"image-header-background\">\n    <img loading=\"lazy\" decoding=\"async\" width=\"1920\" height=\"850\" src=\"https:\/\/www.westhouse-group.com\/wp-content\/uploads\/2022\/02\/image.jpeg\" class=\"attachment-original size-original\" alt=\"Bridge1\" srcset=\"https:\/\/www.westhouse-group.com\/wp-content\/uploads\/2022\/02\/image.jpeg 1920w, https:\/\/www.westhouse-group.com\/wp-content\/uploads\/2022\/02\/image-300x133.jpeg 300w, https:\/\/www.westhouse-group.com\/wp-content\/uploads\/2022\/02\/image-1024x453.jpeg 1024w, https:\/\/www.westhouse-group.com\/wp-content\/uploads\/2022\/02\/image-768x340.jpeg 768w, https:\/\/www.westhouse-group.com\/wp-content\/uploads\/2022\/02\/image-1536x680.jpeg 1536w\" sizes=\"auto, (max-width: 1920px) 100vw, 1920px\" \/>  <\/div>\n\n  <div class=\"image-header-content container-wide text-center pt-5 my-5 text-md-start\">\n    <h1 class=\"text-light\">Building <span class=\"text-primary\">bridges<\/span><br>between people and technology<\/h1>\n    \n          <p class=\"mb-0 mt-5\">\n                  <a href=\"\/fr\/rechercher-des-experts\/\" class=\"btn btn-lg btn-arrow mx-2 ms-md-0 me-md-4 mb-4 mb-md-0 btn-dark\">\n            Rechercher des experts          <\/a>\n                  <a href=\"\/fr\/rechercher-des-projets-et-des-emplois\/\" class=\"btn btn-lg btn-arrow mx-2 ms-md-0 me-md-4 mb-4 mb-md-0 btn-light\">\n            Rechercher des projets et des emplois          <\/a>\n              <\/p>\n      <\/div>\n<\/div>\n\n\n\n<div class=\"westhouse-block block-numbers bg-light pt-5 pt-md-6 pb-5 pb-md-6\">\n  <div class=\"container\">\n    <div class=\"row\">\n              <div class=\"col-6 col-lg-3 text-center mb-5 mb-lg-0\">\n          <p class=\"number\">430+<\/p>\n          <p class=\"text mb-0\">employ\u00e9s<\/p>\n        <\/div>\n              <div class=\"col-6 col-lg-3 text-center mb-5 mb-lg-0\">\n          <p class=\"number\">9<\/p>\n          <p class=\"text mb-0\">sites<\/p>\n        <\/div>\n              <div class=\"col-6 col-lg-3 text-center  mb-lg-0\">\n          <p class=\"number\">1 600+<\/p>\n          <p class=\"text mb-0\">partenaires du projet<\/p>\n        <\/div>\n              <div class=\"col-6 col-lg-3 text-center  mb-lg-0\">\n          <p class=\"number\">210 000+<\/p>\n          <p class=\"text mb-0\">candidats<\/p>\n        <\/div>\n          <\/div>\n  <\/div>\n<\/div>\n\n\n\n<div class=\"westhouse-block block-headline-text bg-light pt-5 pt-md-6 pb-5 pb-md-6\">\n  <div class=\"container\">\n    <div class=\"row\">\n\n              <div class=\"col-12 text-center text-lg-start col-lg-5\">\n          <h2 class=\"h1  mb-5 mb-lg-4\">\n            Comment nous vous aidons          <\/h2>\n\n                  <\/div>\n      \n      <div class=\"col-12 text-center text-lg-start col-lg-7  \">\n        <p class=\" mb-0 lead \">\n          Id\u00e9es, innovations, personnalit\u00e9 \u2013 les bons employ\u00e9s d\u00e9terminent l\u2019avenir d\u2019une entreprise. Nous trouvons exactement les bons employ\u00e9s et travailleurs ind\u00e9pendants pour les projets.        <\/p>\n\n              <\/div>\n    <\/div>\n  <\/div>\n<\/div>\n\n\n\n<div class=\"westhouse-block block-features pt-5 pt-md-6 pb-5 pb-md-6\">\n  <div class=\"container \">\n    <div class=\"row\">\n      <div class=\"col-12\">\n              <\/div>\n    <\/div>\n\n    <div class=\"row\">\n                  <div class=\"col-lg-4 d-flex\">\n            <div class=\"d-flex flex-column align-items-center flex-grow-1 text-center bg-light mx-2 my-3 p-4 ms-xxl-4 me-xxl-4\">\n              <img loading=\"lazy\" decoding=\"async\" width=\"71\" height=\"75\" src=\"https:\/\/www.westhouse-group.com\/wp-content\/uploads\/2022\/03\/jobsprojekte_finden.svg\" class=\"img-fluid mt-2\" alt=\"Rechercher des emplois et des projets\" \/>\n              <h3 class=\"mb-4 mt-4\">\n                Rechercher des emplois et des projets              <\/h3>\n\n              <p>\n                Trouvez la mission qui vous convient et r\u00e9pondez avec nous aux questions actuelles de nos clients, en tant qu\u2019ind\u00e9pendant ou employ\u00e9 permanent.              <\/p>\n\n                              <p class=\"mt-4 pt-2\">\n                  <a href=\"\/fr\/rechercher-des-projets-et-des-emplois\/\" class=\"link link-arrow text-primary\">\n                    Rechercher des projets et des emplois                  <\/a>\n                <\/p>\n                          <\/div>\n          <\/div>\n                  <div class=\"col-lg-4 d-flex\">\n            <div class=\"d-flex flex-column align-items-center flex-grow-1 text-center bg-light mx-2 my-3 p-4 ms-xxl-4 me-xxl-4\">\n              <img loading=\"lazy\" decoding=\"async\" width=\"76\" height=\"76\" src=\"https:\/\/www.westhouse-group.com\/wp-content\/uploads\/2022\/03\/Experten-finden-1.svg\" class=\"img-fluid mt-2\" alt=\"Rechercher des experts\" \/>\n              <h3 class=\"mb-4 mt-4\">\n                Rechercher des experts              <\/h3>\n\n              <p>\n                Trouvez l\u2019expert qui r\u00e9pond \u00e0 vos questions dans l\u2019environnement technologique. Nous choisissons la forme de prestation appropri\u00e9e pour vous.              <\/p>\n\n                              <p class=\"mt-4 pt-2\">\n                  <a href=\"\/fr\/rechercher-des-experts\/\" class=\"link link-arrow text-primary\">\n                    Rechercher des experts                  <\/a>\n                <\/p>\n                          <\/div>\n          <\/div>\n                  <div class=\"col-lg-4 d-flex\">\n            <div class=\"d-flex flex-column align-items-center flex-grow-1 text-center bg-light mx-2 my-3 p-4 ms-xxl-4 me-xxl-4\">\n              <img loading=\"lazy\" decoding=\"async\" width=\"76\" height=\"75\" src=\"https:\/\/www.westhouse-group.com\/wp-content\/uploads\/2022\/03\/Karriere-bei-Westhouse-1.svg\" class=\"img-fluid mt-2\" alt=\"Carri\u00e8re chez Westhouse\" \/>\n              <h3 class=\"mb-4 mt-4\">\n                Carri\u00e8re chez Westhouse              <\/h3>\n\n              <p>\n                Rejoignez l\u2019aventure Westhouse, dans un environnement o\u00f9 le d\u00e9veloppement personnel, la technologie et les performances sont au premier plan.              <\/p>\n\n                              <p class=\"mt-4 pt-2\">\n                  <a href=\"\/fr\/carriere\/\" class=\"link link-arrow text-primary\">\n                    D\u00e9marrer une carri\u00e8re                  <\/a>\n                <\/p>\n                          <\/div>\n          <\/div>\n            <\/div>\n  <\/div>\n<\/div>\n\n\n\n<div class=\"westhouse-block block-features pt-5 pt-md-6 pb-5 pb-md-6\">\n  <div class=\"container container-slim\">\n    <div class=\"row\">\n      <div class=\"col-12\">\n                  <h2 class=\"h1 text-center mb-5 pb-xl-5 pb-md-3\">\n            Nos convictions          <\/h2>\n              <\/div>\n    <\/div>\n\n    <div class=\"row\">\n                  <div class=\"col-lg-4 d-flex\">\n            <div class=\"d-flex flex-column align-items-center flex-grow-1 text-center pb-4\">\n              <img loading=\"lazy\" decoding=\"async\" width=\"106\" height=\"106\" src=\"https:\/\/www.westhouse-group.com\/wp-content\/uploads\/2022\/02\/brain.svg\" class=\"img-fluid mt-2\" alt=\"Technologie\" \/>\n              <h3 class=\"mb-4 mt-4\">\n                Technologie              <\/h3>\n\n              <p>\n                Nous pensons que la technologie va changer le monde \u00e0 long terme.              <\/p>\n\n                          <\/div>\n          <\/div>\n                  <div class=\"col-lg-4 d-flex\">\n            <div class=\"d-flex flex-column align-items-center flex-grow-1 text-center pb-4\">\n              <img loading=\"lazy\" decoding=\"async\" width=\"106\" height=\"106\" src=\"https:\/\/www.westhouse-group.com\/wp-content\/uploads\/2022\/02\/school.svg\" class=\"img-fluid mt-2\" alt=\"Competence\" \/>\n              <h3 class=\"mb-4 mt-4\">\n                Comp\u00e9tence              <\/h3>\n\n              <p>\n                Nous pensons que les bons experts ont le plus grand impact.              <\/p>\n\n                          <\/div>\n          <\/div>\n                  <div class=\"col-lg-4 d-flex\">\n            <div class=\"d-flex flex-column align-items-center flex-grow-1 text-center pb-4\">\n              <img loading=\"lazy\" decoding=\"async\" width=\"106\" height=\"106\" src=\"https:\/\/www.westhouse-group.com\/wp-content\/uploads\/2022\/02\/forward.svg\" class=\"img-fluid mt-2\" alt=\"Speed\" \/>\n              <h3 class=\"mb-4 mt-4\">\n                Rapidit\u00e9              <\/h3>\n\n              <p>\n                Nous pensons que la rapidit\u00e9 de livraison et les voies d\u00e9cisionnelles courtes sont essentielles \u00e0 la r\u00e9ussite.              <\/p>\n\n                          <\/div>\n          <\/div>\n            <\/div>\n  <\/div>\n<\/div>\n\n\n\n<div class=\"westhouse-block block-headline-text bg-dark pt-5 pt-md-6 pb-5 pb-md-6\">\n  <div class=\"container\">\n    <div class=\"row\">\n\n              <div class=\"col-12 text-center text-lg-start col-lg-4\">\n          <h2 class=\"h1 text-light mb-5 mb-lg-4\">\n            \u00c0 propos de nous          <\/h2>\n\n                      <p class=\"d-none d-lg-block\">\n              <a href=\"\/fr\/a-propos-de-westhouse\/\" class=\"link link-big link-arrow text-light\">En savoir plus<\/a>\n            <\/p>\n                  <\/div>\n      \n      <div class=\"col-12 text-center text-lg-start   col-lg-8\">\n        <p class=\" mb-0 lead text-light\">\n          Avec nous, vous disposez d&rsquo;un chercheur de solutions fiable qui vous soutient individuellement dans tous les domaines de la recherche et de la gestion du personnel.        <\/p>\n\n                  <p class=\"d-lg-none mt-4 pt-2\">\n            <a href=\"\/fr\/a-propos-de-westhouse\/\" class=\"link link-big link-arrow text-light\">En savoir plus<\/a>\n          <\/p>\n              <\/div>\n    <\/div>\n  <\/div>\n<\/div>\n\n\n\n<div id=\"westhouse-block_ba23a3b8b00124a4667e4c36f7070041\" class=\"westhouse-block block-blog-teaser pt-5 pt-md-6 pb-5 pb-md-6\">\n    <div class=\"container\">\n        <div class=\"row mb-5 mb-md-6\">\n          <div class=\"col-12\">\n            <h2 class=\"h1 text-center\">\n              Actualit\u00e9s de Westhouse            <\/h2>\n          <\/div>\n        <\/div>\n\n        <div class=\"row\">\n                    <\/div>\n\n        <div class=\"row mt-4 mt-md-6\">\n            <div class=\"col-12 text-center\">\n              <a href=\"https:\/\/www.westhouse-group.com\/fr\/blog\/\" class=\"btn btn-lg btn-arrow btn-dark\">\n                Tous les articles du blog              <\/a>\n            <\/div>\n        <\/div>\n    <\/div>\n<\/div>\n\n<script>\ndocument.addEventListener(\"DOMContentLoaded\", function(event) {\n  var has_slides = document.querySelector(\"#westhouse-block_ba23a3b8b00124a4667e4c36f7070041 .splide .splide__slide\") != null;\n\n  var options = {\n    arrows: true,\n    pagination: false,\n    lazyLoad: true\n  };\n\n  if (has_slides) {\n    new Splide( '#westhouse-block_ba23a3b8b00124a4667e4c36f7070041 .splide', options ).mount();\n  }\n});\n<\/script>","protected":false},"excerpt":{"rendered":"","protected":false},"author":1,"featured_media":0,"parent":0,"menu_order":0,"comment_status":"closed","ping_status":"closed","template":"","meta":{"_acf_changed":false,"inline_featured_image":false,"footnotes":""},"class_list":["post-623","page","type-page","status-publish","hentry"],"acf":[],"yoast_head":"<!-- This site is optimized with the Yoast SEO Premium plugin v26.9 (Yoast SEO v26.9) - https:\/\/yoast.com\/product\/yoast-seo-premium-wordpress\/ -->\n<title>Agence de recrutement - Groupe Westhouse<\/title>\n<meta name=\"description\" content=\"Le Groupe Westhouse est votre partenaire exclusive pour le recrutement dans les secteurs de l&#039;informatique, l&#039;ingenierie et de la finance\" \/>\n<meta name=\"robots\" content=\"index, follow, max-snippet:-1, max-image-preview:large, max-video-preview:-1\" \/>\n<link rel=\"canonical\" href=\"https:\/\/www.westhouse-group.com\/fr\/\" \/>\n<meta property=\"og:locale\" content=\"fr_FR\" \/>\n<meta property=\"og:type\" content=\"article\" \/>\n<meta property=\"og:title\" content=\"Accueil\" \/>\n<meta property=\"og:description\" content=\"Le Groupe Westhouse est votre partenaire exclusive pour le recrutement dans les secteurs de l&#039;informatique, l&#039;ingenierie et de la finance\" \/>\n<meta property=\"og:url\" content=\"https:\/\/www.westhouse-group.com\/fr\/\" \/>\n<meta property=\"og:site_name\" content=\"Westhouse Group\" \/>\n<meta property=\"article:publisher\" content=\"https:\/\/www.facebook.com\/westhouse.group\" \/>\n<meta property=\"article:modified_time\" content=\"2025-10-31T10:59:22+00:00\" \/>\n<meta property=\"og:image\" content=\"https:\/\/www.westhouse-group.com\/wp-content\/uploads\/2022\/04\/wes_logos_alle_web_wes_logo_main_2_quadratisch.png\" \/>\n\t<meta property=\"og:image:width\" content=\"200\" \/>\n\t<meta property=\"og:image:height\" content=\"200\" \/>\n\t<meta property=\"og:image:type\" content=\"image\/png\" \/>\n<meta name=\"twitter:card\" content=\"summary_large_image\" \/>\n<meta name=\"twitter:site\" content=\"@Westhouse_News\" \/>\n<script type=\"application\/ld+json\" class=\"yoast-schema-graph\">{\"@context\":\"https:\/\/schema.org\",\"@graph\":[{\"@type\":\"WebPage\",\"@id\":\"https:\/\/www.westhouse-group.com\/fr\/\",\"url\":\"https:\/\/www.westhouse-group.com\/fr\/\",\"name\":\"Agence de recrutement - Groupe Westhouse\",\"isPartOf\":{\"@id\":\"https:\/\/www.westhouse-group.com\/fr\/#website\"},\"datePublished\":\"2022-02-21T10:51:09+00:00\",\"dateModified\":\"2025-10-31T10:59:22+00:00\",\"description\":\"Le Groupe Westhouse est votre partenaire exclusive pour le recrutement dans les secteurs de l'informatique, l'ingenierie et de la finance\",\"breadcrumb\":{\"@id\":\"https:\/\/www.westhouse-group.com\/fr\/#breadcrumb\"},\"inLanguage\":\"fr-FR\",\"potentialAction\":[{\"@type\":\"ReadAction\",\"target\":[\"https:\/\/www.westhouse-group.com\/fr\/\"]}]},{\"@type\":\"BreadcrumbList\",\"@id\":\"https:\/\/www.westhouse-group.com\/fr\/#breadcrumb\",\"itemListElement\":[{\"@type\":\"ListItem\",\"position\":1,\"name\":\"Startseite\",\"item\":\"https:\/\/www.westhouse-group.com\/fr\/\"},{\"@type\":\"ListItem\",\"position\":2,\"name\":\"Accueil\"}]},{\"@type\":\"WebSite\",\"@id\":\"https:\/\/www.westhouse-group.com\/fr\/#website\",\"url\":\"https:\/\/www.westhouse-group.com\/fr\/\",\"name\":\"Westhouse Group\",\"description\":\"Recruitment Agency | Candidate and Job Search\",\"publisher\":{\"@id\":\"https:\/\/www.westhouse-group.com\/fr\/#organization\"},\"potentialAction\":[{\"@type\":\"SearchAction\",\"target\":{\"@type\":\"EntryPoint\",\"urlTemplate\":\"https:\/\/www.westhouse-group.com\/fr\/?s={search_term_string}\"},\"query-input\":{\"@type\":\"PropertyValueSpecification\",\"valueRequired\":true,\"valueName\":\"search_term_string\"}}],\"inLanguage\":\"fr-FR\"},{\"@type\":\"Organization\",\"@id\":\"https:\/\/www.westhouse-group.com\/fr\/#organization\",\"name\":\"Westhouse Group\",\"url\":\"https:\/\/www.westhouse-group.com\/fr\/\",\"logo\":{\"@type\":\"ImageObject\",\"inLanguage\":\"fr-FR\",\"@id\":\"https:\/\/www.westhouse-group.com\/fr\/#\/schema\/logo\/image\/\",\"url\":\"https:\/\/www.westhouse-group.com\/wp-content\/uploads\/2022\/03\/wes_logos_alle_web_wes_logo_main.svg\",\"contentUrl\":\"https:\/\/www.westhouse-group.com\/wp-content\/uploads\/2022\/03\/wes_logos_alle_web_wes_logo_main.svg\",\"width\":\"1024\",\"height\":\"1024\",\"caption\":\"Westhouse Group\"},\"image\":{\"@id\":\"https:\/\/www.westhouse-group.com\/fr\/#\/schema\/logo\/image\/\"},\"sameAs\":[\"https:\/\/www.facebook.com\/westhouse.group\",\"https:\/\/x.com\/Westhouse_News\",\"https:\/\/www.instagram.com\/westhousegroup\/\",\"https:\/\/de.linkedin.com\/company\/westhouse-group\"]}]}<\/script>\n<!-- \/ Yoast SEO Premium plugin. -->","yoast_head_json":{"title":"Agence de recrutement - Groupe Westhouse","description":"Le Groupe Westhouse est votre partenaire exclusive pour le recrutement dans les secteurs de l'informatique, l'ingenierie et de la finance","robots":{"index":"index","follow":"follow","max-snippet":"max-snippet:-1","max-image-preview":"max-image-preview:large","max-video-preview":"max-video-preview:-1"},"canonical":"https:\/\/www.westhouse-group.com\/fr\/","og_locale":"fr_FR","og_type":"article","og_title":"Accueil","og_description":"Le Groupe Westhouse est votre partenaire exclusive pour le recrutement dans les secteurs de l'informatique, l'ingenierie et de la finance","og_url":"https:\/\/www.westhouse-group.com\/fr\/","og_site_name":"Westhouse Group","article_publisher":"https:\/\/www.facebook.com\/westhouse.group","article_modified_time":"2025-10-31T10:59:22+00:00","og_image":[{"width":200,"height":200,"url":"https:\/\/www.westhouse-group.com\/wp-content\/uploads\/2022\/04\/wes_logos_alle_web_wes_logo_main_2_quadratisch.png","type":"image\/png"}],"twitter_card":"summary_large_image","twitter_site":"@Westhouse_News","schema":{"@context":"https:\/\/schema.org","@graph":[{"@type":"WebPage","@id":"https:\/\/www.westhouse-group.com\/fr\/","url":"https:\/\/www.westhouse-group.com\/fr\/","name":"Agence de recrutement - Groupe Westhouse","isPartOf":{"@id":"https:\/\/www.westhouse-group.com\/fr\/#website"},"datePublished":"2022-02-21T10:51:09+00:00","dateModified":"2025-10-31T10:59:22+00:00","description":"Le Groupe Westhouse est votre partenaire exclusive pour le recrutement dans les secteurs de l'informatique, l'ingenierie et de la finance","breadcrumb":{"@id":"https:\/\/www.westhouse-group.com\/fr\/#breadcrumb"},"inLanguage":"fr-FR","potentialAction":[{"@type":"ReadAction","target":["https:\/\/www.westhouse-group.com\/fr\/"]}]},{"@type":"BreadcrumbList","@id":"https:\/\/www.westhouse-group.com\/fr\/#breadcrumb","itemListElement":[{"@type":"ListItem","position":1,"name":"Startseite","item":"https:\/\/www.westhouse-group.com\/fr\/"},{"@type":"ListItem","position":2,"name":"Accueil"}]},{"@type":"WebSite","@id":"https:\/\/www.westhouse-group.com\/fr\/#website","url":"https:\/\/www.westhouse-group.com\/fr\/","name":"Westhouse Group","description":"Recruitment Agency | Candidate and Job Search","publisher":{"@id":"https:\/\/www.westhouse-group.com\/fr\/#organization"},"potentialAction":[{"@type":"SearchAction","target":{"@type":"EntryPoint","urlTemplate":"https:\/\/www.westhouse-group.com\/fr\/?s={search_term_string}"},"query-input":{"@type":"PropertyValueSpecification","valueRequired":true,"valueName":"search_term_string"}}],"inLanguage":"fr-FR"},{"@type":"Organization","@id":"https:\/\/www.westhouse-group.com\/fr\/#organization","name":"Westhouse Group","url":"https:\/\/www.westhouse-group.com\/fr\/","logo":{"@type":"ImageObject","inLanguage":"fr-FR","@id":"https:\/\/www.westhouse-group.com\/fr\/#\/schema\/logo\/image\/","url":"https:\/\/www.westhouse-group.com\/wp-content\/uploads\/2022\/03\/wes_logos_alle_web_wes_logo_main.svg","contentUrl":"https:\/\/www.westhouse-group.com\/wp-content\/uploads\/2022\/03\/wes_logos_alle_web_wes_logo_main.svg","width":"1024","height":"1024","caption":"Westhouse Group"},"image":{"@id":"https:\/\/www.westhouse-group.com\/fr\/#\/schema\/logo\/image\/"},"sameAs":["https:\/\/www.facebook.com\/westhouse.group","https:\/\/x.com\/Westhouse_News","https:\/\/www.instagram.com\/westhousegroup\/","https:\/\/de.linkedin.com\/company\/westhouse-group"]}]}},"_links":{"self":[{"href":"https:\/\/www.westhouse-group.com\/fr\/wp-json\/wp\/v2\/pages\/623","targetHints":{"allow":["GET"]}}],"collection":[{"href":"https:\/\/www.westhouse-group.com\/fr\/wp-json\/wp\/v2\/pages"}],"about":[{"href":"https:\/\/www.westhouse-group.com\/fr\/wp-json\/wp\/v2\/types\/page"}],"author":[{"embeddable":true,"href":"https:\/\/www.westhouse-group.com\/fr\/wp-json\/wp\/v2\/users\/1"}],"replies":[{"embeddable":true,"href":"https:\/\/www.westhouse-group.com\/fr\/wp-json\/wp\/v2\/comments?post=623"}],"version-history":[{"count":5,"href":"https:\/\/www.westhouse-group.com\/fr\/wp-json\/wp\/v2\/pages\/623\/revisions"}],"predecessor-version":[{"id":61224,"href":"https:\/\/www.westhouse-group.com\/fr\/wp-json\/wp\/v2\/pages\/623\/revisions\/61224"}],"wp:attachment":[{"href":"https:\/\/www.westhouse-group.com\/fr\/wp-json\/wp\/v2\/media?parent=623"}],"curies":[{"name":"wp","href":"https:\/\/api.w.org\/{rel}","templated":true}]}}