{"id":637,"date":"2022-02-21T11:52:43","date_gmt":"2022-02-21T10:52:43","guid":{"rendered":"https:\/\/www.westhouse-group.com\/kontakt\/"},"modified":"2025-06-02T10:44:43","modified_gmt":"2025-06-02T08:44:43","slug":"contact","status":"publish","type":"page","link":"https:\/\/www.westhouse-group.com\/fr\/contact\/","title":{"rendered":"Contact"},"content":{"rendered":"\n<div class=\"bg-dark westhouse-block block-text-header pt-5 pt-md-6 pb-5 pb-md-6\">\n  <div class=\"container-wide text-center pt-5 mt-2 pb-3  text-md-start\">\n\n    <h1 class=\"text-light mb-3 mt-3\">\n      Contact    <\/h1>\n    \n          <p class=\"text-light text\">\n        Nous serions ravis de r\u00e9pondre \u00e0 votre appel ou e-mail ou m\u00eame de vous accueillir dans nos bureaux.\r\nNous nous tenons \u00e0 votre disposition pour des informations sur nos postes vacants et pour vous accompagner.      <\/p>\n    \n      <\/div>\n<\/div>\n\n\n\n\n<div id=\"block_792032b06a492bc92f0bb8005ca28c42\" class=\"westhouse-block block-accordion   \">\n  <div class=\"container-wide py-4\">\n    <ul class=\"breadcrumb\"><li><a href=\"https:\/\/www.westhouse-group.com\">Home<\/a><\/li><\/ul>  <\/div>\n<\/div>\n\n\n\n\n<div class=\"westhouse-block block-three-col-text pt-5 pt-md-6 pb-5 pb-md-6\">\n  <div class=\"container text-center\">\n    <div class=\"row g-4 justify-content-center\">\n                <div class=\"col-lg-6 col-xxl-4 d-flex\">\n            <div class=\"item px-4 py-5 flex-grow-1\">\n              <h2 class=\"h3 text-primary\">\n                Allemagne              <\/h2>\n\n              <p class=\"subtitle mt-4 mb-5\">\n                Westhouse Group              <\/p>\n\n              <p>Parkring 6<br \/>\n85748 Garching bei M\u00fcnchen<br \/>\nGermany<\/p>\n<p><b>+49 (0) 89 383 772 0<br \/>\n<\/b><a href=\"mailto:contact@westhouse-group.com\"><b>contact@westhouse-group.com<\/b><\/a><\/p>\n            <\/div>\n          <\/div>\n                  <div class=\"col-lg-6 col-xxl-4 d-flex\">\n            <div class=\"item px-4 py-5 flex-grow-1\">\n              <h2 class=\"h3 text-primary\">\n                Suisse              <\/h2>\n\n              <p class=\"subtitle mt-4 mb-5\">\n                Westhouse Schweiz              <\/p>\n\n              <p>Dreik\u00f6nigstrasse 8<br \/>\nCH-8002 Z\u00fcrich<br \/>\nSwitzerland<\/p>\n<p><b>+41 43 931 57 00<br \/>\n<\/b><a href=\"mailto:contact@westhouse.ch\"><b>contact@westhouse.ch<\/b><\/a><\/p>\n<p>&nbsp;<\/p>\n            <\/div>\n          <\/div>\n            <\/div>\n  <\/div>\n<\/div>","protected":false},"excerpt":{"rendered":"","protected":false},"author":1,"featured_media":0,"parent":0,"menu_order":0,"comment_status":"closed","ping_status":"closed","template":"","meta":{"_acf_changed":false,"inline_featured_image":false,"footnotes":""},"class_list":["post-637","page","type-page","status-publish","hentry"],"acf":[],"yoast_head":"<!-- This site is optimized with the Yoast SEO Premium plugin v26.9 (Yoast SEO v26.9) - https:\/\/yoast.com\/product\/yoast-seo-premium-wordpress\/ -->\n<title>Kontaktieren Sie uns \u2013 Westhouse Group<\/title>\n<meta name=\"description\" content=\"Nous nous r\u00e9jouissons de l&#039;int\u00e9r\u00eat que vous portez au groupe Westhouse. N&#039;h\u00e9sitez pas \u00e0 nous contacter \u00e0 tout moment par e-mail ou par t\u00e9l\u00e9phone.\" \/>\n<meta name=\"robots\" content=\"index, follow, max-snippet:-1, max-image-preview:large, max-video-preview:-1\" \/>\n<link rel=\"canonical\" href=\"https:\/\/www.westhouse-group.com\/fr\/contact\/\" \/>\n<meta property=\"og:locale\" content=\"fr_FR\" \/>\n<meta property=\"og:type\" content=\"article\" \/>\n<meta property=\"og:title\" content=\"Contact\" \/>\n<meta property=\"og:description\" content=\"Nous nous r\u00e9jouissons de l&#039;int\u00e9r\u00eat que vous portez au groupe Westhouse. N&#039;h\u00e9sitez pas \u00e0 nous contacter \u00e0 tout moment par e-mail ou par t\u00e9l\u00e9phone.\" \/>\n<meta property=\"og:url\" content=\"https:\/\/www.westhouse-group.com\/fr\/contact\/\" \/>\n<meta property=\"og:site_name\" content=\"Westhouse Group\" \/>\n<meta property=\"article:publisher\" content=\"https:\/\/www.facebook.com\/westhouse.group\" \/>\n<meta property=\"article:modified_time\" content=\"2025-06-02T08:44:43+00:00\" \/>\n<meta property=\"og:image\" content=\"https:\/\/www.westhouse-group.com\/wp-content\/uploads\/2022\/04\/wes_logos_alle_web_wes_logo_main_2_quadratisch.png\" \/>\n\t<meta property=\"og:image:width\" content=\"200\" \/>\n\t<meta property=\"og:image:height\" content=\"200\" \/>\n\t<meta property=\"og:image:type\" content=\"image\/png\" \/>\n<meta name=\"twitter:card\" content=\"summary_large_image\" \/>\n<meta name=\"twitter:site\" content=\"@Westhouse_News\" \/>\n<script type=\"application\/ld+json\" class=\"yoast-schema-graph\">{\"@context\":\"https:\/\/schema.org\",\"@graph\":[{\"@type\":\"WebPage\",\"@id\":\"https:\/\/www.westhouse-group.com\/fr\/contact\/\",\"url\":\"https:\/\/www.westhouse-group.com\/fr\/contact\/\",\"name\":\"Kontaktieren Sie uns \u2013 Westhouse Group\",\"isPartOf\":{\"@id\":\"https:\/\/www.westhouse-group.com\/fr\/#website\"},\"datePublished\":\"2022-02-21T10:52:43+00:00\",\"dateModified\":\"2025-06-02T08:44:43+00:00\",\"description\":\"Nous nous r\u00e9jouissons de l'int\u00e9r\u00eat que vous portez au groupe Westhouse. N'h\u00e9sitez pas \u00e0 nous contacter \u00e0 tout moment par e-mail ou par t\u00e9l\u00e9phone.\",\"breadcrumb\":{\"@id\":\"https:\/\/www.westhouse-group.com\/fr\/contact\/#breadcrumb\"},\"inLanguage\":\"fr-FR\",\"potentialAction\":[{\"@type\":\"ReadAction\",\"target\":[\"https:\/\/www.westhouse-group.com\/fr\/contact\/\"]}]},{\"@type\":\"BreadcrumbList\",\"@id\":\"https:\/\/www.westhouse-group.com\/fr\/contact\/#breadcrumb\",\"itemListElement\":[{\"@type\":\"ListItem\",\"position\":1,\"name\":\"Startseite\",\"item\":\"https:\/\/www.westhouse-group.com\/fr\/\"},{\"@type\":\"ListItem\",\"position\":2,\"name\":\"Contact\"}]},{\"@type\":\"WebSite\",\"@id\":\"https:\/\/www.westhouse-group.com\/fr\/#website\",\"url\":\"https:\/\/www.westhouse-group.com\/fr\/\",\"name\":\"Westhouse Group\",\"description\":\"Recruitment Agency | Candidate and Job Search\",\"publisher\":{\"@id\":\"https:\/\/www.westhouse-group.com\/fr\/#organization\"},\"potentialAction\":[{\"@type\":\"SearchAction\",\"target\":{\"@type\":\"EntryPoint\",\"urlTemplate\":\"https:\/\/www.westhouse-group.com\/fr\/?s={search_term_string}\"},\"query-input\":{\"@type\":\"PropertyValueSpecification\",\"valueRequired\":true,\"valueName\":\"search_term_string\"}}],\"inLanguage\":\"fr-FR\"},{\"@type\":\"Organization\",\"@id\":\"https:\/\/www.westhouse-group.com\/fr\/#organization\",\"name\":\"Westhouse Group\",\"url\":\"https:\/\/www.westhouse-group.com\/fr\/\",\"logo\":{\"@type\":\"ImageObject\",\"inLanguage\":\"fr-FR\",\"@id\":\"https:\/\/www.westhouse-group.com\/fr\/#\/schema\/logo\/image\/\",\"url\":\"https:\/\/www.westhouse-group.com\/wp-content\/uploads\/2022\/03\/wes_logos_alle_web_wes_logo_main.svg\",\"contentUrl\":\"https:\/\/www.westhouse-group.com\/wp-content\/uploads\/2022\/03\/wes_logos_alle_web_wes_logo_main.svg\",\"width\":\"1024\",\"height\":\"1024\",\"caption\":\"Westhouse Group\"},\"image\":{\"@id\":\"https:\/\/www.westhouse-group.com\/fr\/#\/schema\/logo\/image\/\"},\"sameAs\":[\"https:\/\/www.facebook.com\/westhouse.group\",\"https:\/\/x.com\/Westhouse_News\",\"https:\/\/www.instagram.com\/westhousegroup\/\",\"https:\/\/de.linkedin.com\/company\/westhouse-group\"]}]}<\/script>\n<!-- \/ Yoast SEO Premium plugin. -->","yoast_head_json":{"title":"Kontaktieren Sie uns \u2013 Westhouse Group","description":"Nous nous r\u00e9jouissons de l'int\u00e9r\u00eat que vous portez au groupe Westhouse. N'h\u00e9sitez pas \u00e0 nous contacter \u00e0 tout moment par e-mail ou par t\u00e9l\u00e9phone.","robots":{"index":"index","follow":"follow","max-snippet":"max-snippet:-1","max-image-preview":"max-image-preview:large","max-video-preview":"max-video-preview:-1"},"canonical":"https:\/\/www.westhouse-group.com\/fr\/contact\/","og_locale":"fr_FR","og_type":"article","og_title":"Contact","og_description":"Nous nous r\u00e9jouissons de l'int\u00e9r\u00eat que vous portez au groupe Westhouse. N'h\u00e9sitez pas \u00e0 nous contacter \u00e0 tout moment par e-mail ou par t\u00e9l\u00e9phone.","og_url":"https:\/\/www.westhouse-group.com\/fr\/contact\/","og_site_name":"Westhouse Group","article_publisher":"https:\/\/www.facebook.com\/westhouse.group","article_modified_time":"2025-06-02T08:44:43+00:00","og_image":[{"width":200,"height":200,"url":"https:\/\/www.westhouse-group.com\/wp-content\/uploads\/2022\/04\/wes_logos_alle_web_wes_logo_main_2_quadratisch.png","type":"image\/png"}],"twitter_card":"summary_large_image","twitter_site":"@Westhouse_News","schema":{"@context":"https:\/\/schema.org","@graph":[{"@type":"WebPage","@id":"https:\/\/www.westhouse-group.com\/fr\/contact\/","url":"https:\/\/www.westhouse-group.com\/fr\/contact\/","name":"Kontaktieren Sie uns \u2013 Westhouse Group","isPartOf":{"@id":"https:\/\/www.westhouse-group.com\/fr\/#website"},"datePublished":"2022-02-21T10:52:43+00:00","dateModified":"2025-06-02T08:44:43+00:00","description":"Nous nous r\u00e9jouissons de l'int\u00e9r\u00eat que vous portez au groupe Westhouse. N'h\u00e9sitez pas \u00e0 nous contacter \u00e0 tout moment par e-mail ou par t\u00e9l\u00e9phone.","breadcrumb":{"@id":"https:\/\/www.westhouse-group.com\/fr\/contact\/#breadcrumb"},"inLanguage":"fr-FR","potentialAction":[{"@type":"ReadAction","target":["https:\/\/www.westhouse-group.com\/fr\/contact\/"]}]},{"@type":"BreadcrumbList","@id":"https:\/\/www.westhouse-group.com\/fr\/contact\/#breadcrumb","itemListElement":[{"@type":"ListItem","position":1,"name":"Startseite","item":"https:\/\/www.westhouse-group.com\/fr\/"},{"@type":"ListItem","position":2,"name":"Contact"}]},{"@type":"WebSite","@id":"https:\/\/www.westhouse-group.com\/fr\/#website","url":"https:\/\/www.westhouse-group.com\/fr\/","name":"Westhouse Group","description":"Recruitment Agency | Candidate and Job Search","publisher":{"@id":"https:\/\/www.westhouse-group.com\/fr\/#organization"},"potentialAction":[{"@type":"SearchAction","target":{"@type":"EntryPoint","urlTemplate":"https:\/\/www.westhouse-group.com\/fr\/?s={search_term_string}"},"query-input":{"@type":"PropertyValueSpecification","valueRequired":true,"valueName":"search_term_string"}}],"inLanguage":"fr-FR"},{"@type":"Organization","@id":"https:\/\/www.westhouse-group.com\/fr\/#organization","name":"Westhouse Group","url":"https:\/\/www.westhouse-group.com\/fr\/","logo":{"@type":"ImageObject","inLanguage":"fr-FR","@id":"https:\/\/www.westhouse-group.com\/fr\/#\/schema\/logo\/image\/","url":"https:\/\/www.westhouse-group.com\/wp-content\/uploads\/2022\/03\/wes_logos_alle_web_wes_logo_main.svg","contentUrl":"https:\/\/www.westhouse-group.com\/wp-content\/uploads\/2022\/03\/wes_logos_alle_web_wes_logo_main.svg","width":"1024","height":"1024","caption":"Westhouse Group"},"image":{"@id":"https:\/\/www.westhouse-group.com\/fr\/#\/schema\/logo\/image\/"},"sameAs":["https:\/\/www.facebook.com\/westhouse.group","https:\/\/x.com\/Westhouse_News","https:\/\/www.instagram.com\/westhousegroup\/","https:\/\/de.linkedin.com\/company\/westhouse-group"]}]}},"_links":{"self":[{"href":"https:\/\/www.westhouse-group.com\/fr\/wp-json\/wp\/v2\/pages\/637","targetHints":{"allow":["GET"]}}],"collection":[{"href":"https:\/\/www.westhouse-group.com\/fr\/wp-json\/wp\/v2\/pages"}],"about":[{"href":"https:\/\/www.westhouse-group.com\/fr\/wp-json\/wp\/v2\/types\/page"}],"author":[{"embeddable":true,"href":"https:\/\/www.westhouse-group.com\/fr\/wp-json\/wp\/v2\/users\/1"}],"replies":[{"embeddable":true,"href":"https:\/\/www.westhouse-group.com\/fr\/wp-json\/wp\/v2\/comments?post=637"}],"version-history":[{"count":4,"href":"https:\/\/www.westhouse-group.com\/fr\/wp-json\/wp\/v2\/pages\/637\/revisions"}],"predecessor-version":[{"id":60020,"href":"https:\/\/www.westhouse-group.com\/fr\/wp-json\/wp\/v2\/pages\/637\/revisions\/60020"}],"wp:attachment":[{"href":"https:\/\/www.westhouse-group.com\/fr\/wp-json\/wp\/v2\/media?parent=637"}],"curies":[{"name":"wp","href":"https:\/\/api.w.org\/{rel}","templated":true}]}}