{"id":639,"date":"2022-02-21T11:51:49","date_gmt":"2022-02-21T10:51:49","guid":{"rendered":"https:\/\/www.westhouse-group.com\/projekte-jobs-finden\/"},"modified":"2022-03-04T17:38:07","modified_gmt":"2022-03-04T16:38:07","slug":"rechercher-des-projets-et-des-emplois","status":"publish","type":"page","link":"https:\/\/www.westhouse-group.com\/fr\/rechercher-des-projets-et-des-emplois\/","title":{"rendered":"Rechercher des projets et des emplois"},"content":{"rendered":"\n<div class=\"bg-dark westhouse-block block-text-header pt-5 pt-md-6 pb-5 pb-md-6\">\n  <div class=\"container-wide text-center pt-5 mt-2 pb-3  text-md-start\">\n\n    <h1 class=\"text-light mb-3 mt-3\">\n      <span class=\"text-primary\">Rechercher<\/span> des projets et des emplois     <\/h1>\n    \n          <p class=\"text-light text\">\n        Nous recherchons des candidats pour un large \u00e9ventail de postes d\u2019experts et de missions de projets. Trouvez les offres qui vous conviennent en tant que travailleur ind\u00e9pendant ou employ\u00e9 fixe (li\u00e9 \u00e0 un projet) !      <\/p>\n    \n      <\/div>\n<\/div>\n\n\n\n\n<div id=\"block_62137fec55532\" class=\"westhouse-block block-accordion   \">\n  <div class=\"container-wide py-4\">\n    <ul class=\"breadcrumb\"><li><a href=\"https:\/\/www.westhouse-group.com\">Home<\/a><\/li><\/ul>  <\/div>\n<\/div>\n","protected":false},"excerpt":{"rendered":"","protected":false},"author":1,"featured_media":0,"parent":0,"menu_order":0,"comment_status":"closed","ping_status":"closed","template":"page-job-overview.php","meta":{"_acf_changed":false,"inline_featured_image":false,"footnotes":""},"class_list":["post-639","page","type-page","status-publish","hentry"],"acf":[],"yoast_head":"<!-- This site is optimized with the Yoast SEO Premium plugin v26.9 (Yoast SEO v26.9) - https:\/\/yoast.com\/product\/yoast-seo-premium-wordpress\/ -->\n<title>tableau: employ\u00e9s et freelancers - Groupe Westhouse<\/title>\n<meta name=\"description\" content=\"Vous pouvez d\u00e8s maintenant trouver le projet ad\u00e9quat sur notre portail web. Le meilleure qu\u2019il soit dans les secteurs de l&#039;informatique et l&#039;ingenierie .\" \/>\n<meta name=\"robots\" content=\"index, follow, max-snippet:-1, max-image-preview:large, max-video-preview:-1\" \/>\n<link rel=\"canonical\" href=\"https:\/\/www.westhouse-group.com\/fr\/rechercher-des-projets-et-des-emplois\/\" \/>\n<meta property=\"og:locale\" content=\"fr_FR\" \/>\n<meta property=\"og:type\" content=\"article\" \/>\n<meta property=\"og:title\" content=\"Rechercher des projets et des emplois\" \/>\n<meta property=\"og:description\" content=\"Vous pouvez d\u00e8s maintenant trouver le projet ad\u00e9quat sur notre portail web. Le meilleure qu\u2019il soit dans les secteurs de l&#039;informatique et l&#039;ingenierie .\" \/>\n<meta property=\"og:url\" content=\"https:\/\/www.westhouse-group.com\/fr\/rechercher-des-projets-et-des-emplois\/\" \/>\n<meta property=\"og:site_name\" content=\"Westhouse Group\" \/>\n<meta property=\"article:publisher\" content=\"https:\/\/www.facebook.com\/westhouse.group\" \/>\n<meta property=\"article:modified_time\" content=\"2022-03-04T16:38:07+00:00\" \/>\n<meta property=\"og:image\" content=\"https:\/\/www.westhouse-group.com\/wp-content\/uploads\/2022\/04\/wes_logos_alle_web_wes_logo_main_2_quadratisch.png\" \/>\n\t<meta property=\"og:image:width\" content=\"200\" \/>\n\t<meta property=\"og:image:height\" content=\"200\" \/>\n\t<meta property=\"og:image:type\" content=\"image\/png\" \/>\n<meta name=\"twitter:card\" content=\"summary_large_image\" \/>\n<meta name=\"twitter:site\" content=\"@Westhouse_News\" \/>\n<script type=\"application\/ld+json\" class=\"yoast-schema-graph\">{\"@context\":\"https:\/\/schema.org\",\"@graph\":[{\"@type\":\"WebPage\",\"@id\":\"https:\/\/www.westhouse-group.com\/fr\/rechercher-des-projets-et-des-emplois\/\",\"url\":\"https:\/\/www.westhouse-group.com\/fr\/rechercher-des-projets-et-des-emplois\/\",\"name\":\"tableau: employ\u00e9s et freelancers - Groupe Westhouse\",\"isPartOf\":{\"@id\":\"https:\/\/www.westhouse-group.com\/fr\/#website\"},\"datePublished\":\"2022-02-21T10:51:49+00:00\",\"dateModified\":\"2022-03-04T16:38:07+00:00\",\"description\":\"Vous pouvez d\u00e8s maintenant trouver le projet ad\u00e9quat sur notre portail web. Le meilleure qu\u2019il soit dans les secteurs de l'informatique et l'ingenierie .\",\"breadcrumb\":{\"@id\":\"https:\/\/www.westhouse-group.com\/fr\/rechercher-des-projets-et-des-emplois\/#breadcrumb\"},\"inLanguage\":\"fr-FR\",\"potentialAction\":[{\"@type\":\"ReadAction\",\"target\":[\"https:\/\/www.westhouse-group.com\/fr\/rechercher-des-projets-et-des-emplois\/\"]}]},{\"@type\":\"BreadcrumbList\",\"@id\":\"https:\/\/www.westhouse-group.com\/fr\/rechercher-des-projets-et-des-emplois\/#breadcrumb\",\"itemListElement\":[{\"@type\":\"ListItem\",\"position\":1,\"name\":\"Startseite\",\"item\":\"https:\/\/www.westhouse-group.com\/fr\/\"},{\"@type\":\"ListItem\",\"position\":2,\"name\":\"Rechercher des projets et des emplois\"}]},{\"@type\":\"WebSite\",\"@id\":\"https:\/\/www.westhouse-group.com\/fr\/#website\",\"url\":\"https:\/\/www.westhouse-group.com\/fr\/\",\"name\":\"Westhouse Group\",\"description\":\"Recruitment Agency | Candidate and Job Search\",\"publisher\":{\"@id\":\"https:\/\/www.westhouse-group.com\/fr\/#organization\"},\"potentialAction\":[{\"@type\":\"SearchAction\",\"target\":{\"@type\":\"EntryPoint\",\"urlTemplate\":\"https:\/\/www.westhouse-group.com\/fr\/?s={search_term_string}\"},\"query-input\":{\"@type\":\"PropertyValueSpecification\",\"valueRequired\":true,\"valueName\":\"search_term_string\"}}],\"inLanguage\":\"fr-FR\"},{\"@type\":\"Organization\",\"@id\":\"https:\/\/www.westhouse-group.com\/fr\/#organization\",\"name\":\"Westhouse Group\",\"url\":\"https:\/\/www.westhouse-group.com\/fr\/\",\"logo\":{\"@type\":\"ImageObject\",\"inLanguage\":\"fr-FR\",\"@id\":\"https:\/\/www.westhouse-group.com\/fr\/#\/schema\/logo\/image\/\",\"url\":\"https:\/\/www.westhouse-group.com\/wp-content\/uploads\/2022\/03\/wes_logos_alle_web_wes_logo_main.svg\",\"contentUrl\":\"https:\/\/www.westhouse-group.com\/wp-content\/uploads\/2022\/03\/wes_logos_alle_web_wes_logo_main.svg\",\"width\":\"1024\",\"height\":\"1024\",\"caption\":\"Westhouse Group\"},\"image\":{\"@id\":\"https:\/\/www.westhouse-group.com\/fr\/#\/schema\/logo\/image\/\"},\"sameAs\":[\"https:\/\/www.facebook.com\/westhouse.group\",\"https:\/\/x.com\/Westhouse_News\",\"https:\/\/www.instagram.com\/westhousegroup\/\",\"https:\/\/de.linkedin.com\/company\/westhouse-group\"]}]}<\/script>\n<!-- \/ Yoast SEO Premium plugin. -->","yoast_head_json":{"title":"tableau: employ\u00e9s et freelancers - Groupe Westhouse","description":"Vous pouvez d\u00e8s maintenant trouver le projet ad\u00e9quat sur notre portail web. Le meilleure qu\u2019il soit dans les secteurs de l'informatique et l'ingenierie .","robots":{"index":"index","follow":"follow","max-snippet":"max-snippet:-1","max-image-preview":"max-image-preview:large","max-video-preview":"max-video-preview:-1"},"canonical":"https:\/\/www.westhouse-group.com\/fr\/rechercher-des-projets-et-des-emplois\/","og_locale":"fr_FR","og_type":"article","og_title":"Rechercher des projets et des emplois","og_description":"Vous pouvez d\u00e8s maintenant trouver le projet ad\u00e9quat sur notre portail web. Le meilleure qu\u2019il soit dans les secteurs de l'informatique et l'ingenierie .","og_url":"https:\/\/www.westhouse-group.com\/fr\/rechercher-des-projets-et-des-emplois\/","og_site_name":"Westhouse Group","article_publisher":"https:\/\/www.facebook.com\/westhouse.group","article_modified_time":"2022-03-04T16:38:07+00:00","og_image":[{"width":200,"height":200,"url":"https:\/\/www.westhouse-group.com\/wp-content\/uploads\/2022\/04\/wes_logos_alle_web_wes_logo_main_2_quadratisch.png","type":"image\/png"}],"twitter_card":"summary_large_image","twitter_site":"@Westhouse_News","schema":{"@context":"https:\/\/schema.org","@graph":[{"@type":"WebPage","@id":"https:\/\/www.westhouse-group.com\/fr\/rechercher-des-projets-et-des-emplois\/","url":"https:\/\/www.westhouse-group.com\/fr\/rechercher-des-projets-et-des-emplois\/","name":"tableau: employ\u00e9s et freelancers - Groupe Westhouse","isPartOf":{"@id":"https:\/\/www.westhouse-group.com\/fr\/#website"},"datePublished":"2022-02-21T10:51:49+00:00","dateModified":"2022-03-04T16:38:07+00:00","description":"Vous pouvez d\u00e8s maintenant trouver le projet ad\u00e9quat sur notre portail web. Le meilleure qu\u2019il soit dans les secteurs de l'informatique et l'ingenierie .","breadcrumb":{"@id":"https:\/\/www.westhouse-group.com\/fr\/rechercher-des-projets-et-des-emplois\/#breadcrumb"},"inLanguage":"fr-FR","potentialAction":[{"@type":"ReadAction","target":["https:\/\/www.westhouse-group.com\/fr\/rechercher-des-projets-et-des-emplois\/"]}]},{"@type":"BreadcrumbList","@id":"https:\/\/www.westhouse-group.com\/fr\/rechercher-des-projets-et-des-emplois\/#breadcrumb","itemListElement":[{"@type":"ListItem","position":1,"name":"Startseite","item":"https:\/\/www.westhouse-group.com\/fr\/"},{"@type":"ListItem","position":2,"name":"Rechercher des projets et des emplois"}]},{"@type":"WebSite","@id":"https:\/\/www.westhouse-group.com\/fr\/#website","url":"https:\/\/www.westhouse-group.com\/fr\/","name":"Westhouse Group","description":"Recruitment Agency | Candidate and Job Search","publisher":{"@id":"https:\/\/www.westhouse-group.com\/fr\/#organization"},"potentialAction":[{"@type":"SearchAction","target":{"@type":"EntryPoint","urlTemplate":"https:\/\/www.westhouse-group.com\/fr\/?s={search_term_string}"},"query-input":{"@type":"PropertyValueSpecification","valueRequired":true,"valueName":"search_term_string"}}],"inLanguage":"fr-FR"},{"@type":"Organization","@id":"https:\/\/www.westhouse-group.com\/fr\/#organization","name":"Westhouse Group","url":"https:\/\/www.westhouse-group.com\/fr\/","logo":{"@type":"ImageObject","inLanguage":"fr-FR","@id":"https:\/\/www.westhouse-group.com\/fr\/#\/schema\/logo\/image\/","url":"https:\/\/www.westhouse-group.com\/wp-content\/uploads\/2022\/03\/wes_logos_alle_web_wes_logo_main.svg","contentUrl":"https:\/\/www.westhouse-group.com\/wp-content\/uploads\/2022\/03\/wes_logos_alle_web_wes_logo_main.svg","width":"1024","height":"1024","caption":"Westhouse Group"},"image":{"@id":"https:\/\/www.westhouse-group.com\/fr\/#\/schema\/logo\/image\/"},"sameAs":["https:\/\/www.facebook.com\/westhouse.group","https:\/\/x.com\/Westhouse_News","https:\/\/www.instagram.com\/westhousegroup\/","https:\/\/de.linkedin.com\/company\/westhouse-group"]}]}},"_links":{"self":[{"href":"https:\/\/www.westhouse-group.com\/fr\/wp-json\/wp\/v2\/pages\/639","targetHints":{"allow":["GET"]}}],"collection":[{"href":"https:\/\/www.westhouse-group.com\/fr\/wp-json\/wp\/v2\/pages"}],"about":[{"href":"https:\/\/www.westhouse-group.com\/fr\/wp-json\/wp\/v2\/types\/page"}],"author":[{"embeddable":true,"href":"https:\/\/www.westhouse-group.com\/fr\/wp-json\/wp\/v2\/users\/1"}],"replies":[{"embeddable":true,"href":"https:\/\/www.westhouse-group.com\/fr\/wp-json\/wp\/v2\/comments?post=639"}],"version-history":[{"count":5,"href":"https:\/\/www.westhouse-group.com\/fr\/wp-json\/wp\/v2\/pages\/639\/revisions"}],"predecessor-version":[{"id":2127,"href":"https:\/\/www.westhouse-group.com\/fr\/wp-json\/wp\/v2\/pages\/639\/revisions\/2127"}],"wp:attachment":[{"href":"https:\/\/www.westhouse-group.com\/fr\/wp-json\/wp\/v2\/media?parent=639"}],"curies":[{"name":"wp","href":"https:\/\/api.w.org\/{rel}","templated":true}]}}